{"id":14515,"date":"2022-05-09T15:17:14","date_gmt":"2022-05-09T15:17:14","guid":{"rendered":"https:\/\/www.obec-nesuchyne.cz\/\/?page_id=14515"},"modified":"2022-05-11T05:56:19","modified_gmt":"2022-05-11T05:56:19","slug":"2017-2","status":"publish","type":"page","link":"https:\/\/www.obec-nesuchyne.cz\/?page_id=14515","title":{"rendered":"2017"},"content":{"rendered":"<div id='2017' class='widgets_on_page wop_tiny1  wop_small1  wop_medium1  wop_large1  wop_wide1'>\n\t\t\t<ul><li id=\"hootkit-tabs-11\" class=\"widget widget_hootkit-tabs\">\r\n<div class=\"hootkit-tabs-wrap\">\r\n\r\n\t<div class=\"widget-title-wrap hastitle\"><h2 class=\"widgettitle\">Fotogalerie 2017<\/h2><\/div>\r\n\t<div class=\"hootkit-tabs\">\r\n\t\t<div class=\"hootkit-tabheads\">\r\n\t\t\t<div class='hootkit-tabhead tabhead1 current-tabhead' data-tabcount='1'>Masopust<\/div><div class='hootkit-tabhead tabhead2 ' data-tabcount='2'>D\u011btsk\u00fd den<\/div><div class='hootkit-tabhead tabhead3 ' data-tabcount='3'>Staro\u010desk\u00e9 m\u00e1je<\/div><div class='hootkit-tabhead tabhead4 ' data-tabcount='4'>D\u011btsk\u00fd den<\/div><div class='hootkit-tabhead tabhead5 ' data-tabcount='5'>Ryb\u00e1\u0159sk\u00e9 z\u00e1vody<\/div><div class='hootkit-tabhead tabhead6 ' data-tabcount='6'>Oslava 110 let Sokola<\/div><div class='hootkit-tabhead tabhead7 ' data-tabcount='7'>Poh\u00e1dkov\u00fd les<\/div><div class='hootkit-tabhead tabhead8 ' data-tabcount='8'>Lampi\u00f3nov\u00fd pr\u016fvod<\/div><div class='hootkit-tabhead tabhead9 ' data-tabcount='9'>Adventn\u00ed zp\u00edv\u00e1n\u00ed<\/div>\t\t<\/div>\r\n\r\n\t\t<div class=\"hootkit-tabboxes\">\r\n\t\t\t<div class='hootkit-tabbox tabbox1 current-tabbox' data-tabcount='1'><p>ngg_shortcode_0_placeholder<\/p>\n<\/div><div class='hootkit-tabbox tabbox2 ' data-tabcount='2'><p>ngg_shortcode_1_placeholder<\/p>\n<\/div><div class='hootkit-tabbox tabbox3 ' data-tabcount='3'><p>ngg_shortcode_2_placeholder<\/p>\n<\/div><div class='hootkit-tabbox tabbox4 ' data-tabcount='4'><p>ngg_shortcode_3_placeholder<\/p>\n<\/div><div class='hootkit-tabbox tabbox5 ' data-tabcount='5'><p>ngg_shortcode_4_placeholder<\/p>\n<\/div><div class='hootkit-tabbox tabbox6 ' data-tabcount='6'><p>ngg_shortcode_5_placeholder<\/p>\n<\/div><div class='hootkit-tabbox tabbox7 ' data-tabcount='7'><p>ngg_shortcode_6_placeholder<\/p>\n<\/div><div class='hootkit-tabbox tabbox8 ' data-tabcount='8'><p>ngg_shortcode_7_placeholder<\/p>\n<\/div><div class='hootkit-tabbox tabbox9 ' data-tabcount='9'><p>ngg_shortcode_8_placeholder<\/p>\n<\/div>\t\t<\/div>\r\n\r\n<\/div><\/li><\/ul><\/div><!-- widgets_on_page -->\n","protected":false},"excerpt":{"rendered":"<p><span class=\"more-link\"><a href=\"https:\/\/www.obec-nesuchyne.cz\/?page_id=14515\">Zobrazit<\/a><\/span><\/p>\n","protected":false},"author":2,"featured_media":0,"parent":0,"menu_order":6,"comment_status":"closed","ping_status":"closed","template":"","meta":{"ngg_post_thumbnail":0,"footnotes":""},"class_list":["entry","author-nehasil","post-14515","page","type-page","status-publish"],"publishpress_future_action":{"enabled":false,"date":"2026-05-07 00:00:00","action":"change-status","newStatus":"draft","terms":[],"taxonomy":"","extraData":[]},"publishpress_future_workflow_manual_trigger":{"enabledWorkflows":[]},"_links":{"self":[{"href":"https:\/\/www.obec-nesuchyne.cz\/index.php?rest_route=\/wp\/v2\/pages\/14515","targetHints":{"allow":["GET"]}}],"collection":[{"href":"https:\/\/www.obec-nesuchyne.cz\/index.php?rest_route=\/wp\/v2\/pages"}],"about":[{"href":"https:\/\/www.obec-nesuchyne.cz\/index.php?rest_route=\/wp\/v2\/types\/page"}],"author":[{"embeddable":true,"href":"https:\/\/www.obec-nesuchyne.cz\/index.php?rest_route=\/wp\/v2\/users\/2"}],"replies":[{"embeddable":true,"href":"https:\/\/www.obec-nesuchyne.cz\/index.php?rest_route=%2Fwp%2Fv2%2Fcomments&post=14515"}],"version-history":[{"count":2,"href":"https:\/\/www.obec-nesuchyne.cz\/index.php?rest_route=\/wp\/v2\/pages\/14515\/revisions"}],"predecessor-version":[{"id":14631,"href":"https:\/\/www.obec-nesuchyne.cz\/index.php?rest_route=\/wp\/v2\/pages\/14515\/revisions\/14631"}],"wp:attachment":[{"href":"https:\/\/www.obec-nesuchyne.cz\/index.php?rest_route=%2Fwp%2Fv2%2Fmedia&parent=14515"}],"curies":[{"name":"wp","href":"https:\/\/api.w.org\/{rel}","templated":true}]}}