{"id":14513,"date":"2022-05-09T15:16:49","date_gmt":"2022-05-09T15:16:49","guid":{"rendered":"https:\/\/www.obec-nesuchyne.cz\/\/?page_id=14513"},"modified":"2022-05-11T05:56:00","modified_gmt":"2022-05-11T05:56:00","slug":"2018-2","status":"publish","type":"page","link":"https:\/\/www.obec-nesuchyne.cz\/?page_id=14513","title":{"rendered":"2018"},"content":{"rendered":"<div id='2018' class='widgets_on_page wop_tiny1  wop_small1  wop_medium1  wop_large1  wop_wide1'>\n\t\t\t<ul><li id=\"hootkit-tabs-12\" class=\"widget widget_hootkit-tabs\">\r\n<div class=\"hootkit-tabs-wrap\">\r\n\r\n\t<div class=\"widget-title-wrap hastitle\"><h2 class=\"widgettitle\">Fotogalerie 2018<\/h2><\/div>\r\n\t<div class=\"hootkit-tabs\">\r\n\t\t<div class=\"hootkit-tabheads\">\r\n\t\t\t<div class='hootkit-tabhead tabhead1 current-tabhead' data-tabcount='1'>Masopust<\/div><div class='hootkit-tabhead tabhead2 ' data-tabcount='2'>D\u011btsk\u00fd karneval<\/div><div class='hootkit-tabhead tabhead3 ' data-tabcount='3'>P\u00e1len\u00ed \u010darod\u011bjnic<\/div><div class='hootkit-tabhead tabhead4 ' data-tabcount='4'>Staro\u010desk\u00e9 m\u00e1je<\/div><div class='hootkit-tabhead tabhead5 ' data-tabcount='5'>Lampi\u00f3nov\u00fd pr\u016fvod<\/div>\t\t<\/div>\r\n\r\n\t\t<div class=\"hootkit-tabboxes\">\r\n\t\t\t<div class='hootkit-tabbox tabbox1 current-tabbox' data-tabcount='1'><p>ngg_shortcode_0_placeholder<\/p>\n<\/div><div class='hootkit-tabbox tabbox2 ' data-tabcount='2'><p>ngg_shortcode_1_placeholder<\/p>\n<\/div><div class='hootkit-tabbox tabbox3 ' data-tabcount='3'><p>ngg_shortcode_2_placeholder<\/p>\n<\/div><div class='hootkit-tabbox tabbox4 ' data-tabcount='4'><p>ngg_shortcode_3_placeholder<\/p>\n<\/div><div class='hootkit-tabbox tabbox5 ' data-tabcount='5'><p>ngg_shortcode_4_placeholder<\/p>\n<\/div>\t\t<\/div>\r\n\r\n<\/div><\/li><\/ul><\/div><!-- widgets_on_page -->\n","protected":false},"excerpt":{"rendered":"<p><span class=\"more-link\"><a href=\"https:\/\/www.obec-nesuchyne.cz\/?page_id=14513\">Zobrazit<\/a><\/span><\/p>\n","protected":false},"author":2,"featured_media":0,"parent":0,"menu_order":5,"comment_status":"closed","ping_status":"closed","template":"","meta":{"ngg_post_thumbnail":0,"footnotes":""},"class_list":["entry","author-nehasil","post-14513","page","type-page","status-publish"],"publishpress_future_action":{"enabled":false,"date":"2026-05-07 00:00:00","action":"change-status","newStatus":"draft","terms":[],"taxonomy":"","extraData":[]},"publishpress_future_workflow_manual_trigger":{"enabledWorkflows":[]},"_links":{"self":[{"href":"https:\/\/www.obec-nesuchyne.cz\/index.php?rest_route=\/wp\/v2\/pages\/14513","targetHints":{"allow":["GET"]}}],"collection":[{"href":"https:\/\/www.obec-nesuchyne.cz\/index.php?rest_route=\/wp\/v2\/pages"}],"about":[{"href":"https:\/\/www.obec-nesuchyne.cz\/index.php?rest_route=\/wp\/v2\/types\/page"}],"author":[{"embeddable":true,"href":"https:\/\/www.obec-nesuchyne.cz\/index.php?rest_route=\/wp\/v2\/users\/2"}],"replies":[{"embeddable":true,"href":"https:\/\/www.obec-nesuchyne.cz\/index.php?rest_route=%2Fwp%2Fv2%2Fcomments&post=14513"}],"version-history":[{"count":2,"href":"https:\/\/www.obec-nesuchyne.cz\/index.php?rest_route=\/wp\/v2\/pages\/14513\/revisions"}],"predecessor-version":[{"id":14630,"href":"https:\/\/www.obec-nesuchyne.cz\/index.php?rest_route=\/wp\/v2\/pages\/14513\/revisions\/14630"}],"wp:attachment":[{"href":"https:\/\/www.obec-nesuchyne.cz\/index.php?rest_route=%2Fwp%2Fv2%2Fmedia&parent=14513"}],"curies":[{"name":"wp","href":"https:\/\/api.w.org\/{rel}","templated":true}]}}